{"id":8,"date":"2018-11-05T15:54:55","date_gmt":"2018-11-05T15:54:55","guid":{"rendered":"https:\/\/www.burgerfelder.de\/?page_id=8"},"modified":"2020-05-13T12:49:05","modified_gmt":"2020-05-13T12:49:05","slug":"das-team","status":"publish","type":"page","link":"https:\/\/www.burgerfelder.de\/?page_id=8","title":{"rendered":"Das Team"},"content":{"rendered":"<ul>\n<li>Inhaber<\/li>\n<li>Gesch\u00e4ftsf\u00fchrer<\/li>\n<li>Assistenz der Gesch\u00e4ftsf\u00fchrung<\/li>\n<li>Brauer<\/li>\n<li>Lagerist<\/li>\n<li>Bierfahrer<\/li>\n<li>Lehrling<\/li>\n<li>Praktikant<\/li>\n<li>Marketing<\/li>\n<li>Buchhalter<\/li>\n<li>Frontdesk &amp; Backoffice (mit Biertischgarnituren)<\/li>\n<li>Kantine<\/li>\n<\/ul>\n","protected":false},"excerpt":{"rendered":"<p>Inhaber Gesch\u00e4ftsf\u00fchrer Assistenz der Gesch\u00e4ftsf\u00fchrung Brauer Lagerist Bierfahrer Lehrling Praktikant Marketing Buchhalter Frontdesk &amp; Backoffice (mit Biertischgarnituren) Kantine<\/p>\n","protected":false},"author":1,"featured_media":72,"parent":0,"menu_order":0,"comment_status":"closed","ping_status":"closed","template":"","meta":[],"_links":{"self":[{"href":"https:\/\/www.burgerfelder.de\/index.php?rest_route=\/wp\/v2\/pages\/8"}],"collection":[{"href":"https:\/\/www.burgerfelder.de\/index.php?rest_route=\/wp\/v2\/pages"}],"about":[{"href":"https:\/\/www.burgerfelder.de\/index.php?rest_route=\/wp\/v2\/types\/page"}],"author":[{"embeddable":true,"href":"https:\/\/www.burgerfelder.de\/index.php?rest_route=\/wp\/v2\/users\/1"}],"replies":[{"embeddable":true,"href":"https:\/\/www.burgerfelder.de\/index.php?rest_route=%2Fwp%2Fv2%2Fcomments&post=8"}],"version-history":[{"count":4,"href":"https:\/\/www.burgerfelder.de\/index.php?rest_route=\/wp\/v2\/pages\/8\/revisions"}],"predecessor-version":[{"id":172,"href":"https:\/\/www.burgerfelder.de\/index.php?rest_route=\/wp\/v2\/pages\/8\/revisions\/172"}],"wp:featuredmedia":[{"embeddable":true,"href":"https:\/\/www.burgerfelder.de\/index.php?rest_route=\/wp\/v2\/media\/72"}],"wp:attachment":[{"href":"https:\/\/www.burgerfelder.de\/index.php?rest_route=%2Fwp%2Fv2%2Fmedia&parent=8"}],"curies":[{"name":"wp","href":"https:\/\/api.w.org\/{rel}","templated":true}]}}